{"id":1027,"date":"2021-04-09T21:30:38","date_gmt":"2021-04-09T21:30:38","guid":{"rendered":"https:\/\/raymundkaiser.de\/wp\/?page_id=1027"},"modified":"2024-10-21T10:20:00","modified_gmt":"2024-10-21T10:20:00","slug":"videos","status":"publish","type":"page","link":"https:\/\/raymundkaiser.de\/fr\/videos\/","title":{"rendered":"Videos"},"content":{"rendered":"<p><iframe loading=\"lazy\" title=\"YouTube video player\" src=\"https:\/\/www.youtube.com\/embed\/XcekQt8YImI\" width=\"560\" height=\"315\" frameborder=\"0\" allowfullscreen=\"allowfullscreen\"><\/iframe><\/p>\n<p><strong>FLUCHTEN<\/strong>, \u2018Raum in Raum\u2019 Installation \/ Ein audiovisuelles Projekt<\/p>\n<p>Die Entwicklung des Projektes wurde gef\u00f6rdert von<\/p>\n<p><img loading=\"lazy\" decoding=\"async\" class=\"alignnone wp-image-1286\" src=\"https:\/\/raymundkaiser.de\/wp-content\/uploads\/2021\/06\/coronaSHLogo.jpg\" alt=\"\" width=\"60\" height=\"110\">&nbsp;<img loading=\"lazy\" decoding=\"async\" class=\"alignnone wp-image-1285\" src=\"https:\/\/raymundkaiser.de\/wp-content\/uploads\/2021\/06\/coronaBundLogo.jpg\" sizes=\"auto, (max-width: 251px) 100vw, 251px\" srcset=\"https:\/\/raymundkaiser.de\/wp-content\/uploads\/2021\/06\/coronaBundLogo.jpg 431w, https:\/\/raymundkaiser.de\/wp-content\/uploads\/2021\/06\/coronaBundLogo-300x120.jpg 300w\" alt=\"\" width=\"251\" height=\"100\">&nbsp;<\/p>\n<div style=\"width: 800px;\" class=\"wp-video\"><video class=\"wp-video-shortcode\" id=\"video-1027-1\" width=\"800\" height=\"450\" poster=\"https:\/\/raymundkaiser.de\/wp-content\/uploads\/2021\/12\/cov_Gegenlicht_2021_web1.jpg\" preload=\"metadata\" controls=\"controls\"><source type=\"video\/mp4\" src=\"https:\/\/raymundkaiser.de\/wp-content\/uploads\/2021\/10\/fluchten_2021-09-09_ray.mp4?_=1\" \/><a href=\"https:\/\/raymundkaiser.de\/wp-content\/uploads\/2021\/10\/fluchten_2021-09-09_ray.mp4\">https:\/\/raymundkaiser.de\/wp-content\/uploads\/2021\/10\/fluchten_2021-09-09_ray.mp4<\/a><\/video><\/div>\n<p>FLUCHTEN, Raum in Raum Installation, 2021; Soundkomposition: Stefan Thomas, Stimme: Rainer Homann, 81 Spiegelplatten je 97 x 68 cm, Abmessungen Raum: 4,8 x 3,5 m, Spiegelboden 5 x 6 m.&nbsp;Erstes Video der Installation &#8216;Fluchten&#8217;, nach dem Aufbau in der Galerie Floss&amp;Schultz, 9.9.2021<\/p>\n<div style=\"width: 800px;\" class=\"wp-video\"><video class=\"wp-video-shortcode\" id=\"video-1027-2\" width=\"800\" height=\"800\" poster=\"https:\/\/raymundkaiser.de\/wp-content\/uploads\/2021\/12\/cov_Gegenlicht_2021_web2.jpg\" preload=\"metadata\" controls=\"controls\"><source type=\"video\/mp4\" src=\"https:\/\/raymundkaiser.de\/wp-content\/uploads\/2021\/10\/fluchten_2021-09-11_kirsten.mp4?_=2\" \/><a href=\"https:\/\/raymundkaiser.de\/wp-content\/uploads\/2021\/10\/fluchten_2021-09-11_kirsten.mp4\">https:\/\/raymundkaiser.de\/wp-content\/uploads\/2021\/10\/fluchten_2021-09-11_kirsten.mp4<\/a><\/video><\/div>\n<p>FLUCHTEN, Raum in Raum Installation, 2021; Soundkomposition: Stefan Thomas, Stimme: Rainer Homann, 81 Spiegelplatten je 97 x 68 cm, Abmessungen Raum: 4,8 x 3,5 m, Spiegelboden 5 x 6 m.&nbsp;Video der Installation &#8216;Fluchten&#8217;, gefilmt&nbsp;von Kirsten Floss am 11.9.2021<\/p>\n<p>Der 1. Vers, Korinther 13:12 , taucht in unverbundenen Wort-Fragmenten in der Zufallskomposition auf:&nbsp;\u201e<em>Wir sehen jetzt durch einen Spiegel in einem dunkeln Wort; dann aber von Angesicht zu Angesicht. Jetzt erkenne ich\u2019s st\u00fcckweise; dann aber werde ich erkennen, gleichwie ich erkannt bin<\/em>.\u201c<\/p>\n<p>Wie bereits in einigen von mir realisierten Spiegelinstallationen in verschiedenen Museen und Kunstorten, hatte ich schon l\u00e4nger die Idee f\u00fcr eine \u2018Raum im Raum\u2019-Installation, erweitert mit Soundkompositionen des Komponisten Stefan Thomas aus K\u00f6ln. Der\/Die Betrachter\/in befindet dabei in einem geschlossenen Spiegelraum, indem von au\u00dfen Soundcluster, Stimmfragmente und zuf\u00e4llige Improvisationen einwirken. Der innere Spiegelraum bemisst 3,4 x 3,4 m, ca. 10 qm, die W\u00e4nde haben eine H\u00f6he von 2,91 m und der Boden ist ebenfalls verspiegelt. Die mit einem silbernem Permanentmarker aufgetragenen Fragmente verdeutlichen die in die Unendlichkeit sich fortsetzenden Spiegelungen. In diesem Gesamtkunstwerk stehen visuelle und auditive Anteile gleichberechtigt nebeneinander. Sie erg\u00e4nzen und kommentieren sich, stehen aber gelegentlich auch im Kontrast zu einander.<\/p>\n<p>Die Entwicklung des Projektes wurde gef\u00f6rdert von<\/p>\n<p><img loading=\"lazy\" decoding=\"async\" class=\"alignnone wp-image-1286\" src=\"https:\/\/raymundkaiser.de\/wp-content\/uploads\/2021\/06\/coronaSHLogo.jpg\" alt=\"\" width=\"60\" height=\"110\">&nbsp;<img loading=\"lazy\" decoding=\"async\" class=\"alignnone wp-image-1285\" src=\"https:\/\/raymundkaiser.de\/wp-content\/uploads\/2021\/06\/coronaBundLogo.jpg\" sizes=\"auto, (max-width: 251px) 100vw, 251px\" srcset=\"https:\/\/raymundkaiser.de\/wp-content\/uploads\/2021\/06\/coronaBundLogo.jpg 431w, https:\/\/raymundkaiser.de\/wp-content\/uploads\/2021\/06\/coronaBundLogo-300x120.jpg 300w\" alt=\"\" width=\"251\" height=\"100\">&nbsp;<\/p>\n<hr>\n<p>&nbsp;<\/p>\n<div style=\"width: 800px;\" class=\"wp-video\"><video class=\"wp-video-shortcode\" id=\"video-1027-3\" width=\"800\" height=\"450\" poster=\"https:\/\/raymundkaiser.de\/wp-content\/uploads\/2024\/10\/RKaiser_Borbeck09-e1729505939480.jpg\" preload=\"metadata\" controls=\"controls\"><source type=\"video\/mp4\" src=\"https:\/\/raymundkaiser.de\/wp-content\/uploads\/2021\/02\/RKaiser_Gegenlicht_480p2.mp4?_=3\" \/><a href=\"https:\/\/raymundkaiser.de\/wp-content\/uploads\/2021\/02\/RKaiser_Gegenlicht_480p2.mp4\">https:\/\/raymundkaiser.de\/wp-content\/uploads\/2021\/02\/RKaiser_Gegenlicht_480p2.mp4<\/a><\/video><\/div>\n<p>Ausstellung GEGENLICHT in der St\u00e4dtischen Galerie Schlo\u00df Borbeck, Essen, 2014.<\/p>\n<p>Video-Dokumentation von Dana Savi\u0107<br \/>\n\u24b8 augenwerk produktion 2014<\/p>\n<p>Musik von Stefan Thomas (Ausschnitte des Konzerts im MMIII Kunstverein M\u00f6nchengladbach, 2013)<\/p>\n<div style=\"width: 800px;\" class=\"wp-video\"><video class=\"wp-video-shortcode\" id=\"video-1027-4\" width=\"800\" height=\"600\" poster=\"https:\/\/raymundkaiser.de\/wp-content\/uploads\/2021\/04\/UELFE_DISPLAY_20131024_1658.jpg\" preload=\"metadata\" controls=\"controls\"><source type=\"video\/mp4\" src=\"https:\/\/raymundkaiser.de\/wp-content\/uploads\/2021\/04\/UELFE_DISPLAY2.mp4?_=4\" \/><a href=\"https:\/\/raymundkaiser.de\/wp-content\/uploads\/2021\/04\/UELFE_DISPLAY2.mp4\">https:\/\/raymundkaiser.de\/wp-content\/uploads\/2021\/04\/UELFE_DISPLAY2.mp4<\/a><\/video><\/div>\n<p>Aufbau des UELFE_DISPLAY am 19.10.2013 im \u00dclfebad in Radevormwald.<\/p>\n<p>Video\/Schnitt: Ulrike Geitel<\/p>\n","protected":false},"excerpt":{"rendered":"<p>FLUCHTEN, \u2018Raum in Raum\u2019 Installation \/ Ein audiovisuelles Projekt Die Entwicklung des Projektes wurde gef\u00f6rdert von &nbsp;&nbsp; FLUCHTEN, Raum in [&#8230;]<\/p>\n","protected":false},"author":1,"featured_media":0,"parent":0,"menu_order":0,"comment_status":"closed","ping_status":"closed","template":"templates\/template-fullwidth-no-title.php","meta":{"ngg_post_thumbnail":0,"footnotes":""},"class_list":["post-1027","page","type-page","status-publish","hentry"],"translation":{"provider":"WPGlobus","version":"3.0.2","language":"fr","enabled_languages":["de","en","fr"],"languages":{"de":{"title":true,"content":true,"excerpt":false},"en":{"title":false,"content":false,"excerpt":false},"fr":{"title":false,"content":false,"excerpt":false}}},"_links":{"self":[{"href":"https:\/\/raymundkaiser.de\/fr\/wp-json\/wp\/v2\/pages\/1027","targetHints":{"allow":["GET"]}}],"collection":[{"href":"https:\/\/raymundkaiser.de\/fr\/wp-json\/wp\/v2\/pages"}],"about":[{"href":"https:\/\/raymundkaiser.de\/fr\/wp-json\/wp\/v2\/types\/page"}],"author":[{"embeddable":true,"href":"https:\/\/raymundkaiser.de\/fr\/wp-json\/wp\/v2\/users\/1"}],"replies":[{"embeddable":true,"href":"https:\/\/raymundkaiser.de\/fr\/wp-json\/wp\/v2\/comments?post=1027"}],"version-history":[{"count":17,"href":"https:\/\/raymundkaiser.de\/fr\/wp-json\/wp\/v2\/pages\/1027\/revisions"}],"predecessor-version":[{"id":1737,"href":"https:\/\/raymundkaiser.de\/fr\/wp-json\/wp\/v2\/pages\/1027\/revisions\/1737"}],"wp:attachment":[{"href":"https:\/\/raymundkaiser.de\/fr\/wp-json\/wp\/v2\/media?parent=1027"}],"curies":[{"name":"wp","href":"https:\/\/api.w.org\/{rel}","templated":true}]}}