{"id":75,"date":"2021-01-12T22:28:49","date_gmt":"2021-01-12T22:28:49","guid":{"rendered":"https:\/\/raymundkaiser.de\/wp\/?page_id=75"},"modified":"2023-02-28T20:57:02","modified_gmt":"2023-02-28T20:57:02","slug":"bibliografie","status":"publish","type":"page","link":"https:\/\/raymundkaiser.de\/en\/bibliografie\/","title":{"rendered":"Bibliography"},"content":{"rendered":"<table>\n<tbody>\n<tr>\n<td>&nbsp;<\/td>\n<td>&nbsp;<\/td>\n<\/tr>\n<tr style=\"height: 24px;\">\n<td style=\"height: 24px;\" valign=\"top\">2022&nbsp;<\/td>\n<td style=\"height: 24px;\"><a href=\"https:\/\/raymundkaiser.de\/colorscape-ii-sabine-elsa-mueller\/\">Sabine Elsa M\u00fcller, <i>COLORSCAPE<\/i><\/a>, in COLORSCAPE (de\/en), Claire Colin-Collin, Raymund Kaiser, Andreas Keil, K.P. Kremer, Michael Toenges, Peter Tollens, Ulrich Wellmann, Maria Magdalena Z&#8217;Graggen, St\u00e4dtische Galerie im Park Viersen (Hg.)<\/td>\n<\/tr>\n<tr style=\"height: 24px;\">\n<td style=\"height: 24px;\" valign=\"top\">2021<\/td>\n<td style=\"height: 24px;\"><a href=\"https:\/\/raymundkaiser.de\/gegenlicht-peter-lodermeyer\/\">Peter Lodermeyer, GEGENLICHT<\/a>; <a href=\"https:\/\/raymundkaiser.de\/spiegel-flucht-reflexion-thomas-wallraff\/\">Thomas Wallraff, Spiegel.Flucht.Reflexion<\/a>, in: Raymund Kaiser \u2013 GEGENLICHT, MAM [Modern Art Mosel] Kunstverein e.V. (Hg.)<\/td>\n<\/tr>\n<tr style=\"height: 24px;\">\n<td style=\"height: 24px;\" valign=\"top\">&nbsp;<\/td>\n<td style=\"height: 24px;\" valign=\"top\">GROSSE KUNSTAUSSTELLUNG NRW, Verein zur Veranstaltung von Kunstausstellungen e.V. (Hg.), D\u00fcsseldorf<\/td>\n<\/tr>\n<tr style=\"height: 24px;\">\n<td style=\"height: 24px;\" valign=\"top\">2019<\/td>\n<td style=\"height: 24px;\">Sichtweiten, St\u00e4dtische Galerie Iserlohn, Hrsg. Westdeutscher K\u00fcnstlerbund e.V., Bochum<\/td>\n<\/tr>\n<tr style=\"height: 24px;\">\n<td style=\"height: 24px;\" valign=\"top\">2018<\/td>\n<td style=\"height: 24px;\" valign=\"top\">K\u00f6ln plus \u2013 Farbmalereipositionen, Ausstellungskatalog, Verein f\u00fcr aktuelle Kunst\/Ruhrgebiet e.V., Oberhausen<\/td>\n<\/tr>\n<tr style=\"height: 24px;\">\n<td style=\"height: 24px;\" valign=\"top\">2017<\/td>\n<td style=\"height: 24px;\" valign=\"top\"><a href=\"https:\/\/www.raymundkaiser.de\/text_daur_2017.php\">J\u00f6rg Daur, AUTOPAINT<\/a>, in: AUTOPAINT, Andreas Exner \u2013 Raymund Kaiser, Kunstverein Bellevue-Saal, Wiesbaden (Hg.)<\/td>\n<\/tr>\n<tr style=\"height: 24px;\">\n<td style=\"height: 24px;\" valign=\"top\">2015<\/td>\n<td style=\"height: 24px;\" valign=\"top\"><a href=\"https:\/\/www.raymundkaiser.de\/text_koerver_2015.php\">Jens Peter Koerver, LICHTWECHSEL<\/a>, Stadtmuseum Siegburg (Hg.)<\/td>\n<\/tr>\n<tr style=\"height: 24px;\">\n<td style=\"height: 24px;\" valign=\"top\">2014<\/td>\n<td style=\"height: 24px;\" valign=\"top\"><a href=\"https:\/\/www.raymundkaiser.de\/text_SEMueller_UelfeDisplay.php\">Sabine Elsa M\u00fcller, Raymund Kaiser \u2013 UELFE_DISPLAY<\/a>, Kunstinitiative Radevormwald (Hg.)<br \/>\nHAUPTSACHE GRAU, Mies van der Rohe Haus, Hrsg. von M. Bleyl, M. Fehr, W. Noack, Berlin 2014<\/td>\n<\/tr>\n<tr style=\"height: 24px;\">\n<td style=\"height: 24px;\" valign=\"top\">&nbsp;<\/td>\n<td style=\"height: 24px;\" valign=\"top\">GROSSE KUNSTAUSSTELLUNG NRW, Verein zur Veranstaltung von Kunstausstellungen e.V. (Hg.), D\u00fcsseldorf<\/td>\n<\/tr>\n<tr style=\"height: 24px;\">\n<td style=\"height: 24px;\" valign=\"top\">2013<\/td>\n<td style=\"height: 24px;\" valign=\"top\">Sabine Elsa M\u00fcller, in: Kunstforum International BAND 223, 2013, AUSSTELLUNGEN: S. 319: <em><a href=\"https:\/\/www.raymundkaiser.de\/text_SEMueller_kunstforum223.php\">#reflect Raymund Kaiser und Rainer Splitt<\/a><\/em>, MMIII Kunstverein M\u00f6nchengladbach<\/td>\n<\/tr>\n<tr style=\"height: 24px;\">\n<td style=\"height: 24px;\" valign=\"top\">&nbsp;<\/td>\n<td style=\"height: 24px;\" valign=\"top\"><a href=\"https:\/\/www.raymundkaiser.de\/text_oelschlaegel.php\">#reflect<em>, Raymund Kaiser und Rainer Splitt<\/em>, K\u00fcnstlergespr\u00e4ch mit Petra Oelschl\u00e4gel<\/a>, Kunstverein MMIII M\u00f6nchengladbach (Hg.)<\/td>\n<\/tr>\n<tr style=\"height: 24px;\">\n<td style=\"height: 24px;\" valign=\"top\">&nbsp;<\/td>\n<td style=\"height: 24px;\" valign=\"top\"><em>Austragungsort II<\/em>, 1998-2012, Verein f\u00fcr aktuelle Kunst\/Ruhrgebiet e.V. (Hg.)<\/td>\n<\/tr>\n<tr style=\"height: 24px;\">\n<td style=\"height: 24px;\" valign=\"top\">&nbsp;<\/td>\n<td style=\"height: 24px;\" valign=\"top\"><em>wir wieder hier<\/em> BO-WKB 2013, Westdeutscher K\u00fcnstlerbund e.V. (Hg.), Verlag Kettler, B\u00f6nen<\/td>\n<\/tr>\n<tr style=\"height: 24px;\">\n<td style=\"height: 24px;\" valign=\"top\">2012<\/td>\n<td style=\"height: 24px;\" valign=\"top\"><em>bis hier<\/em> \u2026 50 Jahre Kunstverein Bochum, Kunstmuseum Bochum, Kunstverein Bochum e.V. (Hg.)<\/td>\n<\/tr>\n<tr style=\"height: 24px;\">\n<td style=\"height: 24px;\" valign=\"top\">&nbsp;<\/td>\n<td style=\"height: 24px;\" valign=\"top\">GROSSE KUNSTAUSSTELLUNG NRW, Verein zur Veranstaltung von Kunstausstellungen e.V. (Hg.), D\u00fcsseldorf<\/td>\n<\/tr>\n<tr style=\"height: 24px;\">\n<td style=\"height: 24px;\" valign=\"top\">2010<\/td>\n<td style=\"height: 24px;\" valign=\"top\">Ralf Kulschewskij, in: <em>Sammlung Fiege<\/em>, Fiege Stiftung, Greven (Hg.), Rasch Verlag, Bramsche<\/td>\n<\/tr>\n<tr style=\"height: 24px;\">\n<td style=\"height: 24px;\" valign=\"top\">2009<\/td>\n<td style=\"height: 24px;\" valign=\"top\">Jens Peter Koerver, in: <em>Installationen Farbe-Licht-Raum<\/em> (Kunst-Initiative-Radevormwald, Hg.), p.\u200967<\/td>\n<\/tr>\n<tr style=\"height: 24px;\">\n<td style=\"height: 24px;\" valign=\"top\">2008<\/td>\n<td style=\"height: 24px;\" valign=\"top\">GROSSE KUNSTAUSSTELLUNG NRW, Verein zur Veranstaltung von Kunstausstellungen e.V. (Hg.), D\u00fcsseldorf<\/td>\n<\/tr>\n<tr style=\"height: 24px;\">\n<td style=\"height: 24px;\" valign=\"top\">2006&nbsp;&nbsp;<\/td>\n<td style=\"height: 24px;\" valign=\"top\"><a href=\"https:\/\/www.raymundkaiser.de\/text_ermen.php\">Reinhard Ermen, <em>Der sch\u00f6ne Grund<\/em><\/a>, Galerie Michael Schneider (Hg.)<\/td>\n<\/tr>\n<tr style=\"height: 24px;\">\n<td style=\"height: 24px;\" valign=\"top\">&nbsp;&nbsp;<\/td>\n<td style=\"height: 24px;\" valign=\"top\">Gerd Borkelmann, <em>About Painting \u2013 Aktuelle Positionen der Malerei<\/em>, Paraplufabriek, Nijmegen<\/td>\n<\/tr>\n<tr style=\"height: 24px;\">\n<td style=\"height: 24px;\" valign=\"top\">2005<\/td>\n<td style=\"height: 24px;\" valign=\"top\">Clemens Kr\u00fcmmel, <em>Raymund Kaiser | Yumiko Okui<\/em>, Japanisches Kulturinstitut K\u00f6ln (Hg.)<\/td>\n<\/tr>\n<tr style=\"height: 24px;\">\n<td style=\"height: 24px;\" valign=\"top\">2004<\/td>\n<td style=\"height: 24px;\" valign=\"top\"><em>Seeing Red, On Nonobjective Painting and Color Theory<\/em>, Michael Fehr and Sanford Wurmfeld (Hg.), Salon Verlag, Cologne<\/td>\n<\/tr>\n<tr style=\"height: 24px;\">\n<td style=\"height: 24px;\" valign=\"top\">&nbsp;<\/td>\n<td style=\"height: 24px;\" valign=\"top\">Thomas Janzen, <em>Haus und Garten<\/em>, Architekten Hamerla\/Gru\u00df-Rinck, raykai.de (Hg.)<\/td>\n<\/tr>\n<tr style=\"height: 24px;\">\n<td style=\"height: 24px;\" valign=\"top\">2003<\/td>\n<td style=\"height: 24px;\" valign=\"top\"><a href=\"https:\/\/www.raymundkaiser.de\/text_sander.php\">Sabine Sander-Fell, <em>Mehr als Sehen \u2013 \u00dcber die Macht der Farbe<\/em><\/a>, Kunstverein Bochum (Hg.)<\/td>\n<\/tr>\n<tr style=\"height: 24px;\">\n<td style=\"height: 24px;\" valign=\"top\">2002<\/td>\n<td style=\"height: 24px;\" valign=\"top\"><em>COLOUR \u2013 A LIFE OF ITS OWN, An Exhibition of Hungarian and International Monochrome Painting<\/em>, M\u00fccsarnok Kunsthalle, Budapest<\/td>\n<\/tr>\n<tr style=\"height: 24px;\">\n<td style=\"height: 24px;\" valign=\"top\">2000<\/td>\n<td style=\"height: 24px;\" valign=\"top\"><a href=\"https:\/\/www.raymundkaiser.de\/text_koerver2.php\">Jens Peter Koerver, in: <em>Die Farbe hat mich \u2013 Positionen zur nicht-gegenst\u00e4ndlichen Malerei<\/em> <\/a>(Michael Fehr, Hg.), Klartext Verlag \/ Edition Essen, p. 121<\/td>\n<\/tr>\n<tr style=\"height: 24px;\">\n<td style=\"height: 24px;\" valign=\"top\">1998<\/td>\n<td style=\"height: 24px;\" valign=\"top\"><a href=\"https:\/\/www.raymundkaiser.de\/text_stempel.php\">Karin Stempel, <em>Installationen in Radevormwald<\/em><\/a> (mit Volker Saul)<\/td>\n<\/tr>\n<tr style=\"height: 24px;\">\n<td style=\"height: 24px;\" valign=\"top\">1997<\/td>\n<td style=\"height: 24px;\" valign=\"top\"><a href=\"https:\/\/www.raymundkaiser.de\/text_koerver.php\">Jens Peter Koerver, <em>Farbe realisieren<\/em><\/a>, in: K\u00f6lner Skizzen, IV<\/td>\n<\/tr>\n<tr style=\"height: 24px;\">\n<td style=\"height: 24px;\" valign=\"top\">1993<\/td>\n<td style=\"height: 24px;\" valign=\"top\"><a href=\"https:\/\/www.raymundkaiser.de\/text_gerstner.php\">Ute Dreckmann und Tobias Gerstner, <em>\u00fcber malen<\/em><\/a>, galerie januar e. V. (Hg.)<\/td>\n<\/tr>\n<tr style=\"height: 24px;\">\n<td style=\"height: 24px;\" valign=\"top\">1992<\/td>\n<td style=\"height: 24px;\" valign=\"top\"><em>M\u00e4rkisches Stipendium<\/em> f\u00fcr Bildende Kunst 1992, M\u00e4rkische Kulturkonferenz e.V. (Hg.)<\/td>\n<\/tr>\n<\/tbody>\n<\/table>\n","protected":false},"excerpt":{"rendered":"<p>&nbsp; &nbsp; 2022&nbsp; Sabine Elsa M\u00fcller, COLORSCAPE, in COLORSCAPE (de\/en), Claire Colin-Collin, Raymund Kaiser, Andreas Keil, K.P. Kremer, Michael Toenges, [&#8230;]<\/p>\n","protected":false},"author":1,"featured_media":0,"parent":0,"menu_order":0,"comment_status":"closed","ping_status":"closed","template":"templates\/template-fullwidth.php","meta":{"ngg_post_thumbnail":0,"footnotes":""},"class_list":["post-75","page","type-page","status-publish","hentry"],"translation":{"provider":"WPGlobus","version":"3.0.2","language":"en","enabled_languages":["de","en","fr"],"languages":{"de":{"title":true,"content":true,"excerpt":false},"en":{"title":true,"content":false,"excerpt":false},"fr":{"title":true,"content":false,"excerpt":false}}},"_links":{"self":[{"href":"https:\/\/raymundkaiser.de\/en\/wp-json\/wp\/v2\/pages\/75","targetHints":{"allow":["GET"]}}],"collection":[{"href":"https:\/\/raymundkaiser.de\/en\/wp-json\/wp\/v2\/pages"}],"about":[{"href":"https:\/\/raymundkaiser.de\/en\/wp-json\/wp\/v2\/types\/page"}],"author":[{"embeddable":true,"href":"https:\/\/raymundkaiser.de\/en\/wp-json\/wp\/v2\/users\/1"}],"replies":[{"embeddable":true,"href":"https:\/\/raymundkaiser.de\/en\/wp-json\/wp\/v2\/comments?post=75"}],"version-history":[{"count":24,"href":"https:\/\/raymundkaiser.de\/en\/wp-json\/wp\/v2\/pages\/75\/revisions"}],"predecessor-version":[{"id":1447,"href":"https:\/\/raymundkaiser.de\/en\/wp-json\/wp\/v2\/pages\/75\/revisions\/1447"}],"wp:attachment":[{"href":"https:\/\/raymundkaiser.de\/en\/wp-json\/wp\/v2\/media?parent=75"}],"curies":[{"name":"wp","href":"https:\/\/api.w.org\/{rel}","templated":true}]}}