{"id":72,"date":"2021-01-12T22:27:56","date_gmt":"2021-01-12T22:27:56","guid":{"rendered":"https:\/\/raymundkaiser.de\/wp\/?page_id=72"},"modified":"2025-06-30T10:57:10","modified_gmt":"2025-06-30T10:57:10","slug":"biografie","status":"publish","type":"page","link":"https:\/\/raymundkaiser.de\/en\/biografie\/","title":{"rendered":"Biography"},"content":{"rendered":"<p>1983-90 &nbsp;Studies painting at FH K\u00f6ln, Fachbereich Art and Design&nbsp;with Professor Franz Dank &nbsp;\/\/ 1990 Master degree \/\/ lives in Cologne<\/p>\n<table>\n<tbody>\n<tr style=\"height: 24px;\">\n<td style=\"height: 24px;\">2020&nbsp;&nbsp;<\/td>\n<td>Stipendium des Ministeriums f\u00fcr Kultur und Wissenschaft des Landes Nordrhein-Westfalen<\/td>\n<\/tr>\n<tr style=\"height: 24px;\">\n<td style=\"height: 24px;\">2021<\/td>\n<td style=\"height: 24px;\">Stipendium des Ministeriums f\u00fcr Kultur und Wissenschaft des Landes Nordrhein-Westfalen<\/td>\n<\/tr>\n<tr style=\"height: 24px;\">\n<td style=\"height: 24px;\">2022<\/td>\n<td style=\"height: 24px;\">Stipendium NEUSTART KULTUR der Stiftung Kunstfonds<\/td>\n<\/tr>\n<\/tbody>\n<\/table>\n<table style=\"width: 100%; height: 2376px;\">\n<tbody>\n<tr style=\"height: 24px;\">\n<td style=\"height: 24px;\" valign=\"top\">&nbsp;<\/td>\n<td style=\"height: 24px;\" valign=\"top\"><strong>Solo Exhibitions<\/strong><\/td>\n<\/tr>\n<tr style=\"height: 24px;\">\n<td style=\"height: 24px;\" valign=\"top\">2019<\/td>\n<td style=\"height: 24px;\" valign=\"top\"><em>Massive Leichtigkeit<\/em>, Raymund Kaiser \u2013 Stephan Marienfeld, Galerie Floss&amp;Schultz, K\u00f6ln<\/td>\n<\/tr>\n<tr style=\"height: 24px;\">\n<td style=\"height: 24px;\" valign=\"top\">2018<\/td>\n<td style=\"height: 24px;\" valign=\"top\"><em>Wieder Sehen<\/em>, Niederrheinischer Kunstverein, Kalkar<\/td>\n<\/tr>\n<tr style=\"height: 24px;\">\n<td style=\"height: 24px;\" valign=\"top\">2017<\/td>\n<td style=\"height: 24px;\" valign=\"top\">AUTOPAINT, Andreas Exner \u2013 Raymund Kaiser, Kunstverein Bellevue-Saal, Wiesbaden<\/td>\n<\/tr>\n<tr style=\"height: 96px;\">\n<td style=\"height: 96px;\" valign=\"top\">2015<\/td>\n<td style=\"height: 96px;\" valign=\"top\"><em>glanzmatt, <\/em>Galerie Floss&amp;Schultz, K\u00f6ln<br \/>\n<em>E X T E N D E D, <\/em>Raymund Kaiser |\u2009Wolfgang Kupczyk, Forum f\u00fcr Kunst und Kultur in der Euregio, Herzogenrath<em><br \/>\nLichtwechsel<\/em>, Stadtmuseum Siegburg<\/td>\n<\/tr>\n<tr style=\"height: 48px;\">\n<td style=\"height: 48px;\" valign=\"top\">2014<\/td>\n<td style=\"height: 48px;\" valign=\"top\"><em>Open Surface, <\/em>St\u00e4dtische Galerie Villa Str\u00fcnkede, Herne<em><br \/>\nGegenlicht<\/em>, St\u00e4dtische Galerie Schlo\u00df Borbeck, Essen<\/td>\n<\/tr>\n<tr style=\"height: 48px;\">\n<td style=\"height: 48px;\" valign=\"top\">2013<\/td>\n<td style=\"height: 48px;\" valign=\"top\"><em>Die M\u00f6glichkeit der Malerei<\/em>, Raymund Kaiser | H.H. Zimmermann, Dr. Carl D\u00f6rken Galerie, Herdecke<\/td>\n<\/tr>\n<tr style=\"height: 24px;\">\n<td style=\"height: 24px;\" valign=\"top\">&nbsp;<\/td>\n<td style=\"height: 24px;\" valign=\"top\"><em>#reflect<\/em>, Rainer Splitt und Raymund Kaiser, MMIII Kunstverein M\u00f6nchengladbach<\/td>\n<\/tr>\n<tr style=\"height: 24px;\">\n<td style=\"height: 24px;\" valign=\"top\">2012<\/td>\n<td style=\"height: 24px;\" valign=\"top\"><em>Reflector#s<\/em>, HerderRaumF\u00fcrKunst, K\u00f6ln<\/td>\n<\/tr>\n<tr style=\"height: 24px;\">\n<td style=\"height: 24px;\" valign=\"top\">2011<\/td>\n<td style=\"height: 24px;\" valign=\"top\"><em>Reflexionen<\/em>, Malerei Raymund Kaiser \/ Dirk Meissner Cartoon, Galerie f\u00fcr Zeichenkunst, K\u00f6ln<\/td>\n<\/tr>\n<tr style=\"height: 24px;\">\n<td style=\"height: 24px;\" valign=\"top\">2009&nbsp;&nbsp;<\/td>\n<td style=\"height: 24px;\" valign=\"top\"><em>farbeglanzspiegelbild<\/em>, Galerie Horst Appel, Frankfurt<\/td>\n<\/tr>\n<tr style=\"height: 24px;\">\n<td style=\"height: 24px;\" valign=\"top\">&nbsp;<\/td>\n<td style=\"height: 24px;\" valign=\"top\"><em>farbetonspiegelglanz<\/em>, Galerie Michael Schneider, Bonn<\/td>\n<\/tr>\n<tr style=\"height: 24px;\">\n<td style=\"height: 24px;\" valign=\"top\">2007&nbsp;<\/td>\n<td style=\"height: 24px;\" valign=\"top\"><em>Raymund Kaiser &#8211; Malerei<\/em>, ASS, D\u00fcsseldorf<\/td>\n<\/tr>\n<tr style=\"height: 24px;\">\n<td style=\"height: 24px;\" valign=\"top\">2006<\/td>\n<td style=\"height: 24px;\" valign=\"top\"><em>en face<\/em>, Galerie Michael Schneider, Bonn (K)<\/td>\n<\/tr>\n<tr style=\"height: 24px;\">\n<td style=\"height: 24px;\" valign=\"top\">2005<\/td>\n<td style=\"height: 24px;\" valign=\"top\"><em>Raymund Kaiser | Yumiko Okui<\/em>, Japanisches Kulturinstitut K\u00f6ln (K)<\/td>\n<\/tr>\n<tr style=\"height: 24px;\">\n<td style=\"height: 24px;\" valign=\"top\">2004<\/td>\n<td style=\"height: 24px;\" valign=\"top\"><em>Haus und Garten<\/em>, Architekturb\u00fcro Hamerla und Gru\u00df-Rinck in Krefeld-H\u00fcls<\/td>\n<\/tr>\n<tr style=\"height: 24px;\">\n<td style=\"height: 24px;\" valign=\"top\">&nbsp;<\/td>\n<td style=\"height: 24px;\" valign=\"top\"><em>cluster<\/em>, kuratiert von Gerd Borkelmann, CBK Nijmegen<\/td>\n<\/tr>\n<tr style=\"height: 24px;\">\n<td style=\"height: 24px;\" valign=\"top\">2003<\/td>\n<td style=\"height: 24px;\" valign=\"top\">Kunstverein Bochum (K)<\/td>\n<\/tr>\n<tr style=\"height: 24px;\">\n<td style=\"height: 24px;\" valign=\"top\">1999<\/td>\n<td style=\"height: 24px;\" valign=\"top\"><em>Bichrome\/Portraits<\/em>, Verein f\u00fcr aktuelle Kunst, Oberhausen (mit Peter Tollens)<\/td>\n<\/tr>\n<tr style=\"height: 24px;\">\n<td style=\"height: 24px;\" valign=\"top\">1998<\/td>\n<td style=\"height: 24px;\" valign=\"top\">B\u00fcrgerhaus Radevormwald (mit Volker Saul) (K)<\/td>\n<\/tr>\n<tr style=\"height: 24px;\">\n<td style=\"height: 24px;\" valign=\"top\">&nbsp;<\/td>\n<td style=\"height: 24px;\" valign=\"top\">Farb-Raum-Installation in der Ev. ref. Kirche Radevormwald (K)<\/td>\n<\/tr>\n<tr style=\"height: 24px;\">\n<td style=\"height: 24px;\" valign=\"top\">1997<\/td>\n<td style=\"height: 24px;\" valign=\"top\"><em>Malerei<\/em>, galerie januar e.V., Bochum-Langendreer (mit Sybille Pattscheck)<\/td>\n<\/tr>\n<tr style=\"height: 24px;\">\n<td style=\"height: 24px;\" valign=\"top\">&nbsp;<\/td>\n<td style=\"height: 24px;\" valign=\"top\"><em>Farbfl\u00e4chenraum<\/em>, artothek, K\u00f6ln<\/td>\n<\/tr>\n<tr style=\"height: 24px;\">\n<td style=\"height: 24px;\" valign=\"top\">1996<\/td>\n<td style=\"height: 24px;\" valign=\"top\"><em>Aufsicht\/Durchsicht<\/em>, Galerie Marc Gundel, Ludwigsburg<\/td>\n<\/tr>\n<tr style=\"height: 24px;\">\n<td style=\"height: 24px;\" valign=\"top\">&nbsp;<\/td>\n<td style=\"height: 24px;\" valign=\"top\">Galerie Ludwig, Krefeld<\/td>\n<\/tr>\n<tr style=\"height: 24px;\">\n<td style=\"height: 24px;\" valign=\"top\">1993<\/td>\n<td style=\"height: 24px;\" valign=\"top\">Galerie Ludwig, Krefeld<\/td>\n<\/tr>\n<tr style=\"height: 24px;\">\n<td style=\"height: 24px;\" valign=\"top\">&nbsp;<\/td>\n<td style=\"height: 24px;\" valign=\"top\"><em>\u00fcber\u2009malen<\/em>, galerie januar e.V., Bochum-Langendreer (K)<\/td>\n<\/tr>\n<tr style=\"height: 24px;\">\n<td style=\"height: 24px;\" valign=\"top\">&nbsp;<\/td>\n<td style=\"height: 24px;\" valign=\"top\">&nbsp;<\/td>\n<\/tr>\n<tr style=\"height: 24px;\">\n<td style=\"height: 24px;\" valign=\"top\">&nbsp;<\/td>\n<td style=\"height: 24px;\" valign=\"top\"><strong>Group Exhibitions<\/strong><\/td>\n<\/tr>\n<tr style=\"height: 24px;\">\n<td style=\"height: 24px;\" valign=\"top\">2021<\/td>\n<td style=\"height: 24px;\" valign=\"top\"><em>DIE GROSSE Kunstausstellung NRW<\/em>, museum kunst palast, D\u00fcsseldorf (K)<\/td>\n<\/tr>\n<tr style=\"height: 24px;\">\n<td style=\"height: 24px;\" valign=\"top\">2020<\/td>\n<td style=\"height: 24px;\" valign=\"top\"><em>add-on<\/em> \u2013 Raumerweiterung \u2013 im weitesten Sinne, K\u00fcnstlerhaus Dortmund<\/td>\n<\/tr>\n<tr style=\"height: 24px;\">\n<td style=\"height: 24px;\" valign=\"top\">2019<\/td>\n<td style=\"height: 24px;\" valign=\"top\"><em>Papier \u2013 Farbe \u2013 Malerei<\/em>, Verein f\u00fcr aktuelle Kunst\/Ruhrgebiet, Oberhausen<\/td>\n<\/tr>\n<tr style=\"height: 24px;\">\n<td style=\"height: 24px;\" valign=\"top\">2018<\/td>\n<td style=\"height: 24px;\" valign=\"top\">K\u00d6LN PLUS \u2013 Farbmalereipositionen, Verein f\u00fcr aktuelle Kunst\/Ruhrgebiet e.V., Oberhausen<\/td>\n<\/tr>\n<tr style=\"height: 24px;\">\n<td style=\"height: 24px;\" valign=\"top\">&nbsp;<\/td>\n<td style=\"height: 24px;\" valign=\"top\"><em>DIE GROSSE Kunstausstellung NRW<\/em>, museum kunst palast, D\u00fcsseldorf (K)<\/td>\n<\/tr>\n<tr style=\"height: 24px;\">\n<td style=\"height: 24px;\" valign=\"top\">2017<\/td>\n<td style=\"height: 24px;\" valign=\"top\"><em>painting black<\/em>, RAUM SCHROTH, im Museum Wilhelm Morgner, Soest<\/td>\n<\/tr>\n<tr style=\"height: 24px;\">\n<td style=\"height: 24px;\" valign=\"top\">&nbsp;<\/td>\n<td style=\"height: 24px;\" valign=\"top\"><em>Die dritte Dimension<\/em>, Galerie Floss&amp;Schultz, K\u00f6ln<\/td>\n<\/tr>\n<tr style=\"height: 24px;\">\n<td style=\"height: 24px;\" valign=\"top\">&nbsp;<\/td>\n<td style=\"height: 24px;\" valign=\"top\">COLORSCAPE, St\u00e4dtische Galerie im Kunsthaus Troisdorf<\/td>\n<\/tr>\n<tr style=\"height: 24px;\">\n<td style=\"height: 24px;\" valign=\"top\">&nbsp;<\/td>\n<td style=\"height: 24px;\" valign=\"top\"><em>Deep in Light<\/em>, Galerie Floss&amp;Schultz, K\u00f6ln<\/td>\n<\/tr>\n<tr style=\"height: 24px;\">\n<td style=\"height: 24px;\" valign=\"top\">&nbsp;<\/td>\n<td style=\"height: 24px;\" valign=\"top\">8+1 \u2013 Freunde im Atelier Carl Victor Dahmen, K\u00f6ln<\/td>\n<\/tr>\n<tr style=\"height: 96px;\">\n<td style=\"height: 96px;\" valign=\"top\">2015<\/td>\n<td style=\"height: 96px;\" valign=\"top\"><em>Retrospektive \u201e25 Jahre Kunst im Stadtmuseum\u201c, <\/em>Stadtmuseum Siegburg<em><br \/>\nFarbdinge | Farbr\u00e4ume, <\/em>Werke aus der Sammlung der Werner Richard &#8211; Dr. Carl D\u00f6rken Stiftung, Herdecke<br \/>\n<em>DIE GROSSE Kunstausstellung NRW<\/em><em>, <\/em>museum kunst palast, D\u00fcsseldorf (K)<\/td>\n<\/tr>\n<tr style=\"height: 72px;\">\n<td style=\"height: 72px;\" valign=\"top\">2014<\/td>\n<td style=\"height: 72px;\" valign=\"top\"><em>Flagge zeigen<\/em>, 50 K\u00fcnstlerfahnen von 23 K\u00fcnstlern, Open-Air-Ausstellung, Innenstadt Radevormwald<br \/>\n<em>Gro\u00dfe Kunstausstellung NRW<\/em>, museum kunst palast, D\u00fcsseldorf (K)<\/td>\n<\/tr>\n<tr style=\"height: 144px;\">\n<td style=\"height: 144px;\" valign=\"top\">2013<\/td>\n<td style=\"height: 144px;\" valign=\"top\"><em>Heterogeneous Beauty X<\/em>, 57th Gallery, Seoul, Korea<br \/>\n<em>K\u00f6ln 1.0, <\/em>Galerie Biesenbach, K\u00f6ln<em><br \/>\nHauptsache Grau #02 Lebendiges Grau<\/em>\u201a Mies van der Rohe Haus, Berlin<br \/>\n<em>Austragungsort II<\/em>, Verein f\u00fcr aktuelle Kunst\/Ruhrgebiet e.V., Oberhausen<br \/>\n<em>wir wieder hier BO-WKB 2013<\/em>, Der Westdeutsche K\u00fcnstlerbund im Kunstmuseum Bochum<br \/>\n<em>Edition Zufall <\/em>(Horst Hahn Hg.), Kulturbahnhof Eller, D\u00fcsseldorf<\/td>\n<\/tr>\n<tr style=\"height: 48px;\">\n<td style=\"height: 48px;\" valign=\"top\">2012<\/td>\n<td style=\"height: 48px;\" valign=\"top\"><em>bis hier . . .<\/em>, 50 Jahre Kunstverein Bochum, Kunstmuseum Bochum<br \/>\n<em>Gro\u00dfe Kunstausstellung NRW D\u00fcsseldorf<\/em>, museum kunst palast, D\u00fcsseldorf (K)<\/td>\n<\/tr>\n<tr style=\"height: 72px;\">\n<td style=\"height: 72px;\" valign=\"top\">2010<\/td>\n<td style=\"height: 72px;\" valign=\"top\"><em>Wiedersehen &#8211; Jahresgaben 2010, <\/em>Kunstverein Bochum<em><br \/>\n1995-2010<\/em>, Jubil\u00e4umsausstellung, Galerie Michael Schneider, Bonn<em><br \/>\nart-KARLSRUHE,<\/em> Galerie Appel, Frankfurt<\/td>\n<\/tr>\n<tr style=\"height: 24px;\">\n<td style=\"height: 24px;\" valign=\"top\">2009<\/td>\n<td style=\"height: 24px;\" valign=\"top\"><em>360 Grad<\/em>, ZWANZIG K\u00dcNSTLER in HALLE ZEHN, CAP Cologne e.\u2009V., K\u00f6ln<\/td>\n<\/tr>\n<tr style=\"height: 120px;\">\n<td style=\"height: 120px;\" valign=\"top\">2008<\/td>\n<td style=\"height: 120px;\" valign=\"top\"><em>Jahresgaben 2008, <\/em>Bonner Kunstverein<em><br \/>\nGegenstandslos<strong>, <\/strong><\/em>200 K\u00fcnstlerInnen aus 18 L\u00e4ndern, GKG-Bonn <em><br \/>\nK\u00fcnstlerpostkarten<\/em>, Galerie Michael Schneider, Bonn<br \/>\n<em>Reise nach Basel<\/em>, Die Galerie Michael Schneider, Bonn, zu Gast in der Galerie Graf &amp; Schelble, Basel<\/td>\n<\/tr>\n<tr style=\"height: 24px;\">\n<td style=\"height: 24px;\" valign=\"top\">&nbsp;<\/td>\n<td style=\"height: 24px;\" valign=\"top\"><em>Gro\u00dfe Kunstausstellung NRW D\u00fcsseldorf<\/em>, museum kunst palast, D\u00fcsseldorf (K)<\/td>\n<\/tr>\n<tr style=\"height: 24px;\">\n<td style=\"height: 24px;\" valign=\"top\">2006<\/td>\n<td style=\"height: 24px;\" valign=\"top\"><em>About Painting<\/em>, Parapluifabriek &#8211; Kunstenaarsinitiatief, Nijmegen (K)<\/td>\n<\/tr>\n<tr style=\"height: 24px;\">\n<td style=\"height: 24px;\" valign=\"top\">2005<\/td>\n<td style=\"height: 24px;\" valign=\"top\"><em>Rot als Farbe<\/em>, Galerie Bernd Lausberg, D\u00fcsseldorf<\/td>\n<\/tr>\n<tr style=\"height: 24px;\">\n<td style=\"height: 24px;\" valign=\"top\">&nbsp;<\/td>\n<td style=\"height: 24px;\" valign=\"top\"><em>Sunspots<\/em>, Galerie Michael Schneider, Bonn<\/td>\n<\/tr>\n<tr style=\"height: 24px;\">\n<td style=\"height: 24px;\" valign=\"top\">2004<\/td>\n<td style=\"height: 24px;\" valign=\"top\"><em>Jahresgaben 2004<\/em>, Kunstverein Arnsberg<\/td>\n<\/tr>\n<tr style=\"height: 24px;\">\n<td style=\"height: 24px;\" valign=\"top\">&nbsp;<\/td>\n<td style=\"height: 24px;\" valign=\"top\"><em>Die Farbe hat mich II (nicht nur Rot)<\/em>, Karl-Ernst-Osthaus Museum, Hagen<\/td>\n<\/tr>\n<tr style=\"height: 24px;\">\n<td style=\"height: 24px;\" valign=\"top\">&nbsp;<\/td>\n<td style=\"height: 24px;\" valign=\"top\"><em>Multiple Choice<\/em>, CBK Nijmegen, kuratiert von Gerd Borkelmann<\/td>\n<\/tr>\n<tr style=\"height: 24px;\">\n<td style=\"height: 24px;\" valign=\"top\">2003<\/td>\n<td style=\"height: 24px;\" valign=\"top\"><em>Reduziert, 10 K\u00fcnstler in der galerie januar e.V.<\/em>, Bochum-Langendreer<\/td>\n<\/tr>\n<tr style=\"height: 48px;\">\n<td style=\"height: 48px;\" valign=\"top\">&nbsp;<\/td>\n<td style=\"height: 48px;\" valign=\"top\"><em>Seeing Red II: Contemporary Nonobjective Painting<\/em>, Hunter College\/Times Square Gallery, New York (K)<\/td>\n<\/tr>\n<tr style=\"height: 24px;\">\n<td style=\"height: 24px;\" valign=\"top\">2002<\/td>\n<td style=\"height: 24px;\" valign=\"top\"><em>Euregio-Kunstpreis 2002<\/em>, Bedburg-Hau<\/td>\n<\/tr>\n<tr style=\"height: 48px;\">\n<td style=\"height: 48px;\" valign=\"top\">&nbsp;<\/td>\n<td style=\"height: 48px;\" valign=\"top\"><em>Colour \u2013 A Life of its Own: An Exhibition of Hungarian and International Monochrome Painting<\/em>,&nbsp;M\u00fccsarnok Kunsthalle, Budapest (K)<\/td>\n<\/tr>\n<tr style=\"height: 24px;\">\n<td style=\"height: 24px;\" valign=\"top\">2000<\/td>\n<td style=\"height: 24px;\" valign=\"top\"><em>Die Farbe hat mich<\/em>, K\u00fcnstlerhaus Dortmund (K)<\/td>\n<\/tr>\n<tr style=\"height: 24px;\">\n<td style=\"height: 24px;\" valign=\"top\">1998<\/td>\n<td style=\"height: 24px;\" valign=\"top\"><em>K\u00f6lnKunst<\/em>, Kunsthalle K\u00f6ln (K)<\/td>\n<\/tr>\n<tr style=\"height: 24px;\">\n<td style=\"height: 24px;\" valign=\"top\">1997<\/td>\n<td style=\"height: 24px;\" valign=\"top\"><em>1982-1997<\/em>, Verein f\u00fcr aktuelle Kunst, Oberhausen<\/td>\n<\/tr>\n<tr style=\"height: 24px;\">\n<td style=\"height: 24px;\" valign=\"top\">1996<\/td>\n<td style=\"height: 24px;\" valign=\"top\"><em>Lage der Dinge: 50 Jahre Westdeutscher K\u00fcnstlerbund<\/em>, Gustav-L\u00fcbcke-Museum, Hamm (K)<\/td>\n<\/tr>\n<tr style=\"height: 24px;\">\n<td style=\"height: 24px;\" valign=\"top\">&nbsp;<\/td>\n<td style=\"height: 24px;\" valign=\"top\"><em>Nord-S\u00fcd-Fahrt<\/em>, Verein f\u00fcr aktuelle Kunst, Oberhausen<\/td>\n<\/tr>\n<tr style=\"height: 24px;\">\n<td style=\"height: 24px;\" valign=\"top\">1995<\/td>\n<td style=\"height: 24px;\" valign=\"top\">Art Cologne, Galerie Ludwig, Krefeld<\/td>\n<\/tr>\n<tr style=\"height: 24px;\">\n<td style=\"height: 24px;\" valign=\"top\">&nbsp;<\/td>\n<td style=\"height: 24px;\" valign=\"top\"><em>Nord-S\u00fcd-Fahrt<\/em>, Halle K3, Kampnagel-Gel\u00e4nde, Hamburg<\/td>\n<\/tr>\n<tr style=\"height: 24px;\">\n<td style=\"height: 24px;\" valign=\"top\">&nbsp;<\/td>\n<td style=\"height: 24px;\" valign=\"top\"><em>K\u00f6lnKunst<\/em>, Kunsthalle K\u00f6ln (K)<\/td>\n<\/tr>\n<tr style=\"height: 24px;\">\n<td style=\"height: 24px;\" valign=\"top\">1991<\/td>\n<td style=\"height: 24px;\" valign=\"top\"><em>M\u00e4rkisches Stipendium<\/em>, St\u00e4dtische Galerie, L\u00fcdenscheid (K)<\/td>\n<\/tr>\n<tr style=\"height: 24px;\">\n<td style=\"height: 24px;\" valign=\"top\">&nbsp;<\/td>\n<td style=\"height: 24px;\" valign=\"top\">&nbsp;<\/td>\n<\/tr>\n<tr style=\"height: 24px;\">\n<td style=\"height: 24px;\" valign=\"top\">&nbsp;<\/td>\n<td style=\"height: 24px;\" valign=\"top\"><strong>Urban Art<\/strong><\/td>\n<\/tr>\n<tr style=\"height: 48px;\">\n<td style=\"height: 48px;\" valign=\"top\">2013<\/td>\n<td style=\"height: 48px;\" valign=\"top\">UELFE_DISPLAY, 2K-Lack, 2 Edelstahlspiegel, beidseitig, je 320 x 175 cm, \u00dclfestausee, Radevormwald<\/td>\n<\/tr>\n<\/tbody>\n<\/table>\n","protected":false},"excerpt":{"rendered":"<p>1983-90 &nbsp;Studies painting at FH K\u00f6ln, Fachbereich Art and Design&nbsp;with Professor Franz Dank &nbsp;\/\/ 1990 Master degree \/\/ lives in [&#8230;]<\/p>\n","protected":false},"author":1,"featured_media":0,"parent":0,"menu_order":0,"comment_status":"closed","ping_status":"closed","template":"templates\/template-fullwidth.php","meta":{"ngg_post_thumbnail":0,"footnotes":""},"class_list":["post-72","page","type-page","status-publish","hentry"],"translation":{"provider":"WPGlobus","version":"3.0.2","language":"en","enabled_languages":["de","en","fr"],"languages":{"de":{"title":true,"content":true,"excerpt":false},"en":{"title":true,"content":true,"excerpt":false},"fr":{"title":true,"content":true,"excerpt":false}}},"_links":{"self":[{"href":"https:\/\/raymundkaiser.de\/en\/wp-json\/wp\/v2\/pages\/72","targetHints":{"allow":["GET"]}}],"collection":[{"href":"https:\/\/raymundkaiser.de\/en\/wp-json\/wp\/v2\/pages"}],"about":[{"href":"https:\/\/raymundkaiser.de\/en\/wp-json\/wp\/v2\/types\/page"}],"author":[{"embeddable":true,"href":"https:\/\/raymundkaiser.de\/en\/wp-json\/wp\/v2\/users\/1"}],"replies":[{"embeddable":true,"href":"https:\/\/raymundkaiser.de\/en\/wp-json\/wp\/v2\/comments?post=72"}],"version-history":[{"count":80,"href":"https:\/\/raymundkaiser.de\/en\/wp-json\/wp\/v2\/pages\/72\/revisions"}],"predecessor-version":[{"id":1761,"href":"https:\/\/raymundkaiser.de\/en\/wp-json\/wp\/v2\/pages\/72\/revisions\/1761"}],"wp:attachment":[{"href":"https:\/\/raymundkaiser.de\/en\/wp-json\/wp\/v2\/media?parent=72"}],"curies":[{"name":"wp","href":"https:\/\/api.w.org\/{rel}","templated":true}]}}